{"id":4041,"date":"2021-05-14T10:53:09","date_gmt":"2021-05-14T14:53:09","guid":{"rendered":"https:\/\/honco.tactikdev.com\/html-sitemap\/"},"modified":"2021-05-14T10:53:09","modified_gmt":"2021-05-14T14:53:09","slug":"html-sitemap","status":"publish","type":"page","link":"https:\/\/honcobuildings.com\/en\/html-sitemap\/","title":{"rendered":"HTML Sitemap"},"content":{"rendered":"<div class=\"wrap-html-sitemap sp-html-sitemap\"><div class=\"sp-wrap-cpt\"><h2 class=\"sp-cpt-name\">Pages<\/h2><ul class=\"sp-list-posts sp-cpt-hierarchical\"><li class=\"page_item page-item-4071\"><a href=\"https:\/\/honcobuildings.com\/en\/guides-and-references\/\">Guides and references<\/a><\/li><li class=\"page_item page-item-4037\"><a href=\"https:\/\/honcobuildings.com\/en\/colour-chart\/\">Colour chart<\/a><\/li><li class=\"page_item page-item-4056\"><a href=\"https:\/\/honcobuildings.com\/en\/energy-efficient-steel-building\/\">Energy efficient building<\/a><\/li><li class=\"page_item page-item-4033\"><a href=\"https:\/\/honcobuildings.com\/en\/flat-roof-steel-building\/\">Steel buildings flat roof<\/a><\/li><li class=\"page_item page-item-4035\"><a href=\"https:\/\/honcobuildings.com\/en\/curved-roof-steel-building\/\">Steel buildings curved roof<\/a><\/li><li class=\"page_item page-item-4060\"><a href=\"https:\/\/honcobuildings.com\/en\/our-technology\/\">Technology<\/a><\/li><li class=\"page_item page-item-4039\"><a href=\"https:\/\/honcobuildings.com\/en\/become-a-builder\/\">Become a builder<\/a><\/li><li class=\"page_item page-item-4070\"><a href=\"https:\/\/honcobuildings.com\/en\/customer-services\/\">Customer Services<\/a><\/li><li class=\"page_item page-item-4031\"><a href=\"https:\/\/honcobuildings.com\/en\/about-us\/\">About us<\/a><\/li><li class=\"page_item page-item-4046\"><a href=\"https:\/\/honcobuildings.com\/en\/achievements\/\">Achievements<\/a><\/li><li class=\"page_item page-item-4048\"><a href=\"https:\/\/honcobuildings.com\/en\/all-our-services\/\">Services<\/a><\/li><li class=\"page_item page-item-4058\"><a href=\"https:\/\/honcobuildings.com\/en\/request-a-quote\/\">Request a quote<\/a><\/li><li class=\"page_item page-item-4042\"><a href=\"https:\/\/honcobuildings.com\/en\/contact\/\">Contact<\/a><\/li><li class=\"page_item page-item-4029\"><a href=\"https:\/\/honcobuildings.com\/en\/\">Home<\/a><\/li><\/ul><\/div><div class=\"sp-wrap-cpt\"><h2 class=\"sp-cpt-name\">Posts<\/h2><div class=\"sp-wrap-cats\"><div class=\"sp-wrap-cat\"><h3 class=\"sp-cat-name\"><a href=\"https:\/\/honcobuildings.com\/en\/categorie\/uncategorized\/\">Uncategorized<\/a><\/h3><ul class=\"sp-list-posts\"><li><a href=\"https:\/\/honcobuildings.com\/en\/savik-construction\/\">SAVIK CONSTRUCTION<\/a> - 26 September 2025<\/li><li><a href=\"https:\/\/honcobuildings.com\/en\/build-or-renovate-a-choice-determined-by-institution-specific-needs\/\">Build or renovate: a choice determined by institution-specific needs<\/a> - 9 October 2019<\/li><li><a href=\"https:\/\/honcobuildings.com\/en\/what-is-a-design-build-project\/\">What is a design-build project?<\/a> - 24 July 2019<\/li><li><a href=\"https:\/\/honcobuildings.com\/en\/building-for-the-future-with-honco\/\">Building for the Future with Honco<\/a> - 11 April 2017<\/li><\/ul><\/div><\/div><\/div><div class=\"sp-wrap-cpt\"><h2 class=\"sp-cpt-name\">Industries<\/h2><ul class=\"sp-list-posts\"><li><a href=\"https:\/\/honcobuildings.com\/en\/defence\/\">Defence<\/a> - 7 April 2026<\/li><li><a href=\"https:\/\/honcobuildings.com\/en\/aeronautical-steel-building\/\">Aeronautic<\/a> - 6 November 2023<\/li><li><a href=\"https:\/\/honcobuildings.com\/en\/municipal-steel-building\/\">Municipal facilities<\/a> - 6 November 2023<\/li><li><a href=\"https:\/\/honcobuildings.com\/en\/mining-steel-building\/\">Mining facilities<\/a> - 6 November 2023<\/li><li><a href=\"https:\/\/honcobuildings.com\/en\/recreative-steel-building\/\">Recreation facilities<\/a> - 6 November 2023<\/li><li><a href=\"https:\/\/honcobuildings.com\/en\/commercial-steel-building\/\">Commercial<\/a> - 6 November 2023<\/li><li><a href=\"https:\/\/honcobuildings.com\/en\/industrial-steel-building\/\">Industrial<\/a> - 6 November 2023<\/li><\/ul><\/div><div class=\"sp-wrap-cpt\"><h2 class=\"sp-cpt-name\">Projets<\/h2><ul class=\"sp-list-posts\"><li><a href=\"https:\/\/honcobuildings.com\/en\/projects\/gf-developpement-st-raymond\/\">GF Developpement | Commercial spaces<\/a> - 16 February 2026<\/li><li><a href=\"https:\/\/honcobuildings.com\/en\/projects\/desjardins-multisports-complex\/\">Desjardins Multisports Complex<\/a> - 24 November 2025<\/li><li><a href=\"https:\/\/honcobuildings.com\/en\/projects\/laurysen-kitchens-new-industrial-manufacturing-facility\/\">Laurysen Kitchens | Manufacturing Facility<\/a> - 20 November 2025<\/li><li><a href=\"https:\/\/honcobuildings.com\/en\/projects\/groupe-mpotvin-industrial-garage\/\">Groupe MPotvin | Industrial Garage<\/a> - 13 November 2025<\/li><li><a href=\"https:\/\/honcobuildings.com\/en\/projects\/lev-fab-hangar-avion\/\">LEV-FAB | Airplane Hangar<\/a> - 3 November 2025<\/li><li><a href=\"https:\/\/honcobuildings.com\/en\/projects\/trailex-trailer-manufacturing-plant\/\">Trailex - Les Remorques Rimouski inc.<\/a> - 20 November 2024<\/li><li><a href=\"https:\/\/honcobuildings.com\/en\/projects\/syndicat-producteurs-de-lait\/\">Syndicat des producteurs de lait<\/a> - 14 January 2024<\/li><li><a href=\"https:\/\/honcobuildings.com\/en\/projects\/stade-de-soccer-saguenay\/\">Saguenay Soccer Arena<\/a> - 14 January 2024<\/li><li><a href=\"https:\/\/honcobuildings.com\/en\/projects\/sg-nesbitt-memorial-arena\/\">SG Nesbitt Memorial Arena<\/a> - 14 January 2024<\/li><li><a href=\"https:\/\/honcobuildings.com\/en\/projects\/service-incendie-et-sauvetage-de-kingston-ontario\/\">Kingston fire and rescue maintenance facility<\/a> - 14 January 2024<\/li><li><a href=\"https:\/\/honcobuildings.com\/en\/projects\/beauceville-multisports-project\/\">Beauceville Multisports Project<\/a> - 14 January 2024<\/li><li><a href=\"https:\/\/honcobuildings.com\/en\/projects\/premier-aviation-overhaul-center-inc\/\">Premier Aviation Overhaul Center<\/a> - 14 January 2024<\/li><li><a href=\"https:\/\/honcobuildings.com\/en\/projects\/jourdain-equipements-groupe-essa\/\">Jourdain Equipements - Groupe Essa<\/a> - 14 January 2024<\/li><li><a href=\"https:\/\/honcobuildings.com\/en\/projects\/gnp-immobilier\/\">GNP Immobilier<\/a> - 14 January 2024<\/li><li><a href=\"https:\/\/honcobuildings.com\/en\/projects\/germain-construction\/\">Germain Construction<\/a> - 14 January 2024<\/li><li><a href=\"https:\/\/honcobuildings.com\/en\/projects\/garage-iles-de-la-madeleine\/\">Iles-de-la-Madeleine Municipal Garage<\/a> - 14 January 2024<\/li><li><a href=\"https:\/\/honcobuildings.com\/en\/projects\/centre-recreatif-desjardins-de-saint-prosper\/\">Desjardins Recreational Center, Saint-Prosper<\/a> - 14 January 2024<\/li><li><a href=\"https:\/\/honcobuildings.com\/en\/projects\/centre-recreatif-desjardins-bonaventure\/\">Desjardins Recreational Center, Bonaventure<\/a> - 14 January 2024<\/li><li><a href=\"https:\/\/honcobuildings.com\/en\/projects\/imperial-kent-north-center\/\">Imperial Kent North Center<\/a> - 14 January 2024<\/li><li><a href=\"https:\/\/honcobuildings.com\/en\/projects\/ste-anne-fire-station\/\">Ste-Anne Fire Station<\/a> - 14 January 2024<\/li><li><a href=\"https:\/\/honcobuildings.com\/en\/projects\/caserne-de-saint-colomban\/\">Saint-Colomban Fire Station<\/a> - 14 January 2024<\/li><li><a href=\"https:\/\/honcobuildings.com\/en\/projects\/boiserie-begin\/\">Boiserie B\u00e9gin<\/a> - 14 January 2024<\/li><li><a href=\"https:\/\/honcobuildings.com\/en\/projects\/atelier-jules-roberge\/\">Jules Roberge Machining Workshop<\/a> - 14 January 2024<\/li><li><a href=\"https:\/\/honcobuildings.com\/en\/projects\/amphitheatre-desjardins-mont-joli\/\">Desjardins Amphitheater, Mont-Joli<\/a> - 14 January 2024<\/li><li><a href=\"https:\/\/honcobuildings.com\/en\/projects\/airbus\/\">Airbus<\/a> - 14 January 2024<\/li><li><a href=\"https:\/\/honcobuildings.com\/en\/projects\/clarence-rockland-twin-ice-pad\/\">Clarence Rockland Hockey Academy<\/a> - 14 January 2024<\/li><li><a href=\"https:\/\/honcobuildings.com\/en\/projects\/1200-degres\/\">1200 Degrees<\/a> - 14 January 2024<\/li><li><a href=\"https:\/\/honcobuildings.com\/en\/projects\/bonte-distribution\/\">Bont\u00e9 Distribution<\/a> - 13 January 2024<\/li><li><a href=\"https:\/\/honcobuildings.com\/en\/projects\/atelier-dusinage-gelinas\/\">G\u00e9linas Machining Workshop<\/a> - 13 January 2024<\/li><li><a href=\"https:\/\/honcobuildings.com\/en\/projects\/supervac\/\">Supervac<\/a> - 13 January 2024<\/li><li><a href=\"https:\/\/honcobuildings.com\/en\/projects\/legumier-marcoux-inc\/\">L\u00e9gumier Marcoux<\/a> - 13 January 2024<\/li><li><a href=\"https:\/\/honcobuildings.com\/en\/projects\/gestion-lortie\/\">Gestion Lortie<\/a> - 13 January 2024<\/li><li><a href=\"https:\/\/honcobuildings.com\/en\/projects\/ergonotek\/\">Ergonotek<\/a> - 13 January 2024<\/li><li><a href=\"https:\/\/honcobuildings.com\/en\/projects\/dbm-environnement\/\">DBM environnement<\/a> - 13 January 2024<\/li><li><a href=\"https:\/\/honcobuildings.com\/en\/projects\/cetal\/\">C\u00e9tal<\/a> - 13 January 2024<\/li><li><a href=\"https:\/\/honcobuildings.com\/en\/projects\/valtech-fabrication\/\">Valtech Fabrication<\/a> - 12 January 2024<\/li><li><a href=\"https:\/\/honcobuildings.com\/en\/projects\/cultures-h-dolbec\/\">Cultures H. Dolbec<\/a> - 12 January 2024<\/li><li><a href=\"https:\/\/honcobuildings.com\/en\/projects\/slm-equipement\/\">SLM Equipements<\/a> - 14 December 2023<\/li><li><a href=\"https:\/\/honcobuildings.com\/en\/projects\/skeer-systeme\/\">Skeer System<\/a> - 14 December 2023<\/li><li><a href=\"https:\/\/honcobuildings.com\/en\/projects\/sicola\/\">Sicola<\/a> - 14 December 2023<\/li><li><a href=\"https:\/\/honcobuildings.com\/en\/projects\/martel-automation\/\">Martel Automation<\/a> - 14 December 2023<\/li><li><a href=\"https:\/\/honcobuildings.com\/en\/projects\/laboratoire-in-vivo\/\">Laboratoire InVivo<\/a> - 14 December 2023<\/li><li><a href=\"https:\/\/honcobuildings.com\/en\/projects\/groupe-provil\/\">Groupe Provil<\/a> - 14 December 2023<\/li><li><a href=\"https:\/\/honcobuildings.com\/en\/projects\/gouvernement-du-canada\/\">Gouvernement du C Government of Canadaanada<\/a> - 14 December 2023<\/li><li><a href=\"https:\/\/honcobuildings.com\/en\/projects\/gf-developpement\/\">GF Development<\/a> - 14 December 2023<\/li><li><a href=\"https:\/\/honcobuildings.com\/en\/projects\/adf-diesel\/\">ADF Diesel<\/a> - 14 December 2023<\/li><li><a href=\"https:\/\/honcobuildings.com\/en\/projects\/societe-miniere-raglan-du-quebec\/\">Soci\u00e9t\u00e9 mini\u00e8re Raglan du Qu\u00e9bec<\/a> - 14 December 2023<\/li><li><a href=\"https:\/\/honcobuildings.com\/en\/projects\/societe-miniere-raglan-du-quebec-2\/\">Soci\u00e9t\u00e9 mini\u00e8re Raglan du Qu\u00e9bec<\/a> - 14 December 2023<\/li><li><a href=\"https:\/\/honcobuildings.com\/en\/projects\/construction-novex\/\">Novex Construction<\/a> - 14 December 2023<\/li><li><a href=\"https:\/\/honcobuildings.com\/en\/projects\/yatch-club-pointe-aux-anglais\/\">Yatch Club Pointe-aux-Anglais<\/a> - 14 December 2023<\/li><li><a href=\"https:\/\/honcobuildings.com\/en\/projects\/urban-quarry\/\">Urban Quarry<\/a> - 14 December 2023<\/li><li><a href=\"https:\/\/honcobuildings.com\/en\/projects\/trevi-lery\/\">Tr\u00e9vi - L\u00e9ry<\/a> - 14 December 2023<\/li><li><a href=\"https:\/\/honcobuildings.com\/en\/projects\/techno-feu-1200-degre\/\">Techno-Feu 1200 Degrees<\/a> - 14 December 2023<\/li><li><a href=\"https:\/\/honcobuildings.com\/en\/projects\/station-recreotouristique-gallix\/\">Gallix Recreational Tourism Station<\/a> - 14 December 2023<\/li><li><a href=\"https:\/\/honcobuildings.com\/en\/projects\/air-station\/\">Air Station<\/a> - 14 December 2023<\/li><li><a href=\"https:\/\/honcobuildings.com\/en\/projects\/snc-lavalin\/\">SNC Lavalin International<\/a> - 14 December 2023<\/li><li><a href=\"https:\/\/honcobuildings.com\/en\/projects\/selcotech\/\">Selcotech<\/a> - 14 December 2023<\/li><li><a href=\"https:\/\/honcobuildings.com\/en\/projects\/safari-condo\/\">SAFARI CONDO<\/a> - 14 December 2023<\/li><li><a href=\"https:\/\/honcobuildings.com\/en\/projects\/rrgmrp\/\">RRGMRP<\/a> - 14 December 2023<\/li><li><a href=\"https:\/\/honcobuildings.com\/en\/projects\/roulottes-chaudiere-inc\/\">Roulottes Chaudi\u00e8re Inc<\/a> - 14 December 2023<\/li><li><a href=\"https:\/\/honcobuildings.com\/en\/projects\/quebec-lithium\/\">Quebec Lithium<\/a> - 14 December 2023<\/li><li><a href=\"https:\/\/honcobuildings.com\/en\/projects\/pronto-prototypes\/\">Pronto prototypes<\/a> - 14 December 2023<\/li><li><a href=\"https:\/\/honcobuildings.com\/en\/projects\/plastiques-qualiplast\/\">Plastiques Qualiplast<\/a> - 14 December 2023<\/li><li><a href=\"https:\/\/honcobuildings.com\/en\/projects\/pijamy\/\">Pijamy<\/a> - 14 December 2023<\/li><li><a href=\"https:\/\/honcobuildings.com\/en\/projects\/osisko-malartic\/\">Osisko Malartic<\/a> - 14 December 2023<\/li><li><a href=\"https:\/\/honcobuildings.com\/en\/projects\/new-england-sports-village\/\">New England Sports Village<\/a> - 14 December 2023<\/li><li><a href=\"https:\/\/honcobuildings.com\/en\/projects\/multi-usinage\/\">Multi-Usinage<\/a> - 14 December 2023<\/li><li><a href=\"https:\/\/honcobuildings.com\/en\/projects\/agnico-eagle-mines-limited\/\">Agnico Eagle Mines Limited<\/a> - 14 December 2023<\/li><li><a href=\"https:\/\/honcobuildings.com\/en\/projects\/menuiserie-d-pouliot-inc\/\">Menuiserie D. Pouliot inc.<\/a> - 14 December 2023<\/li><li><a href=\"https:\/\/honcobuildings.com\/en\/projects\/maelstrom\/\">Maelstrom<\/a> - 14 December 2023<\/li><li><a href=\"https:\/\/honcobuildings.com\/en\/projects\/maconnerie-dynamique\/\">Ma\u00e7onnerie Dynamique<\/a> - 14 December 2023<\/li><li><a href=\"https:\/\/honcobuildings.com\/en\/projects\/litiere-royal-inc\/\">Liti\u00e8re Royal Inc.<\/a> - 14 December 2023<\/li><li><a href=\"https:\/\/honcobuildings.com\/en\/projects\/equipements-st-arnaud\/\">St-Arnaud Equipements<\/a> - 14 December 2023<\/li><li><a href=\"https:\/\/honcobuildings.com\/en\/projects\/soccer-stadium-campus-notre-dame-de-foy\/\">Leclerc Soccer Stadium at Campus Notre-Dame-de-Foy<\/a> - 14 December 2023<\/li><li><a href=\"https:\/\/honcobuildings.com\/en\/projects\/remorquage-larouche\/\">Larouche Remorquage<\/a> - 14 December 2023<\/li><li><a href=\"https:\/\/honcobuildings.com\/en\/projects\/kia-thetford\/\">Kia Thetford<\/a> - 14 December 2023<\/li><li><a href=\"https:\/\/honcobuildings.com\/en\/projects\/kenny-u-pull\/\">Kenny U-Pull<\/a> - 14 December 2023<\/li><li><a href=\"https:\/\/honcobuildings.com\/en\/projects\/inukjuak\/\">Inukjuak<\/a> - 14 December 2023<\/li><li><a href=\"https:\/\/honcobuildings.com\/en\/projects\/interstroyportalplus\/\">InterStroyPortalPlus<\/a> - 14 December 2023<\/li><li><a href=\"https:\/\/honcobuildings.com\/en\/projects\/hydravion-aventure\/\">Hydravion Aventure<\/a> - 14 December 2023<\/li><li><a href=\"https:\/\/honcobuildings.com\/en\/projects\/helicopteres-panorama\/\">Panorama Helicopters<\/a> - 14 December 2023<\/li><li><a href=\"https:\/\/honcobuildings.com\/en\/projects\/helicarrier-inc\/\">Helicarrier inc.<\/a> - 14 December 2023<\/li><li><a href=\"https:\/\/honcobuildings.com\/en\/projects\/guelph-universtiy-fieldhouse\/\">Guelph Universtiy Fieldhouse<\/a> - 14 December 2023<\/li><li><a href=\"https:\/\/honcobuildings.com\/en\/projects\/groupe-essa-beauport\/\">Groupe Essa Beauport<\/a> - 14 December 2023<\/li><li><a href=\"https:\/\/honcobuildings.com\/en\/projects\/grondair-aviation\/\">Grondair Aviation<\/a> - 14 December 2023<\/li><li><a href=\"https:\/\/honcobuildings.com\/en\/projects\/gdg-environnement\/\">GDG Environnement<\/a> - 14 December 2023<\/li><li><a href=\"https:\/\/honcobuildings.com\/en\/projects\/garant-machinerie\/\">Garant Machinerie<\/a> - 14 December 2023<\/li><li><a href=\"https:\/\/honcobuildings.com\/en\/projects\/ford-amqui\/\">Ford Amqui<\/a> - 14 December 2023<\/li><li><a href=\"https:\/\/honcobuildings.com\/en\/projects\/fnx-mining-co\/\">FNX Mining Co.<\/a> - 14 December 2023<\/li><li><a href=\"https:\/\/honcobuildings.com\/en\/projects\/falconbridge-ltd\/\">Falconbridge Ltd<\/a> - 14 December 2023<\/li><li><a href=\"https:\/\/honcobuildings.com\/en\/projects\/excavation-j-s-lauzon\/\">Excavation J.S. Lauzon<\/a> - 14 December 2023<\/li><li><a href=\"https:\/\/honcobuildings.com\/en\/projects\/excavation-desgagne\/\">Excavation Desgagn\u00e9<\/a> - 14 December 2023<\/li><li><a href=\"https:\/\/honcobuildings.com\/en\/projects\/distribution-materiaux-lavoie\/\">Distribution Mat\u00e9riaux Lavoie<\/a> - 14 December 2023<\/li><li><a href=\"https:\/\/honcobuildings.com\/en\/projects\/diamants-stornoway-canada\/\">Stornoway Diamonds Canada<\/a> - 14 December 2023<\/li><li><a href=\"https:\/\/honcobuildings.com\/en\/projects\/dek-hockey-shawinigan\/\">Dek Hockey Shawinigan<\/a> - 14 December 2023<\/li><li><a href=\"https:\/\/honcobuildings.com\/en\/projects\/paspebiac-sports-complex\/\">Pasp\u00e9biac Sports Complex<\/a> - 14 December 2023<\/li><li><a href=\"https:\/\/honcobuildings.com\/en\/projects\/complexe-de-soccer-honco-de-levis\/\">Honco L\u00e9vis Soccer Stadium<\/a> - 14 December 2023<\/li><li><a href=\"https:\/\/honcobuildings.com\/en\/projects\/air-medic\/\">Airmedic Complex<\/a> - 14 December 2023<\/li><li><a href=\"https:\/\/honcobuildings.com\/en\/projects\/honco-sports-complex\/\">Honco 2 Skating Rinks Complex<\/a> - 14 December 2023<\/li><li><a href=\"https:\/\/honcobuildings.com\/en\/projects\/boreal-college\/\">Boreal College<\/a> - 14 December 2023<\/li><li><a href=\"https:\/\/honcobuildings.com\/en\/projects\/municipalite-de-st-leonard-daston\/\">Richard Lebeau Center<\/a> - 14 December 2023<\/li><li><a href=\"https:\/\/honcobuildings.com\/en\/projects\/centre-multisport-roland-dussault\/\">Roland-Dussault MultiSport Center<\/a> - 14 December 2023<\/li><li><a href=\"https:\/\/honcobuildings.com\/en\/projects\/centre-multisport-desjardins-des-iles-de-la-madeleine\/\">Desjardins Multi Sport Center, Iles-de-la-Madeleine<\/a> - 14 December 2023<\/li><li><a href=\"https:\/\/honcobuildings.com\/en\/projects\/centre-de-tri-argenteuil\/\">Argenteuil Sorting Center<\/a> - 14 December 2023<\/li><li><a href=\"https:\/\/honcobuildings.com\/en\/projects\/centre-de-carrosserie-destimauville\/\">D'Estimauville Body Shop Center<\/a> - 14 December 2023<\/li><li><a href=\"https:\/\/honcobuildings.com\/en\/projects\/centre-bruno-verret\/\">Bruno-Verret Center<\/a> - 14 December 2023<\/li><li><a href=\"https:\/\/honcobuildings.com\/en\/projects\/corporation-de-developpement-culturel-et-sportif-rosemere\/\">Rosem\u00e8re Multi Sport Center<\/a> - 14 December 2023<\/li><li><a href=\"https:\/\/honcobuildings.com\/en\/projects\/st-donat-fire-station\/\">St-Donat Fire Station<\/a> - 14 December 2023<\/li><li><a href=\"https:\/\/honcobuildings.com\/en\/projects\/carrossier-pro-color-ste-foy\/\">Pro-Color Body Shop, Ste-Foy<\/a> - 14 December 2023<\/li><li><a href=\"https:\/\/honcobuildings.com\/en\/projects\/carrosserie-rombotis-tuning-inc\/\">Carrosserie Rombotis Tuning Inc<\/a> - 14 December 2023<\/li><li><a href=\"https:\/\/honcobuildings.com\/en\/projects\/canadian-royalties\/\">Canadian Royalties<\/a> - 14 December 2023<\/li><li><a href=\"https:\/\/honcobuildings.com\/en\/projects\/cam-concept-inc\/\">Cam Concept inc.<\/a> - 14 December 2023<\/li><li><a href=\"https:\/\/honcobuildings.com\/en\/projects\/claude-bordeleau-et-jean-guy-lanouette\/\">Claude Bordeleau et Jean-Guy Lanouette<\/a> - 14 December 2023<\/li><li><a href=\"https:\/\/honcobuildings.com\/en\/projects\/batiment-locatif-imafa\/\">IMAFA - Rental building<\/a> - 14 December 2023<\/li><li><a href=\"https:\/\/honcobuildings.com\/en\/projects\/autobus-galland\/\">Autobus Galland<\/a> - 14 December 2023<\/li><li><a href=\"https:\/\/honcobuildings.com\/en\/projects\/astyk-logistics-warehouse\/\">Astyk Logistics<\/a> - 14 December 2023<\/li><li><a href=\"https:\/\/honcobuildings.com\/en\/projects\/arena-rossosh\/\">Rossosh Arena<\/a> - 14 December 2023<\/li><li><a href=\"https:\/\/honcobuildings.com\/en\/projects\/alcoa-fjardaal-smelter-project\/\">Alcoa Fjardaal Smelter Project<\/a> - 14 December 2023<\/li><li><a href=\"https:\/\/honcobuildings.com\/en\/projects\/air-astana\/\">Air Astana<\/a> - 14 December 2023<\/li><li><a href=\"https:\/\/honcobuildings.com\/en\/projects\/aero-propulsion-hauts-monts\/\">A\u00e9ro Propulsion - Hauts Monts<\/a> - 14 December 2023<\/li><li><a href=\"https:\/\/honcobuildings.com\/en\/projects\/administration-portuaire-de-quebec\/\">Qu\u00e9bec Port Authority<\/a> - 14 December 2023<\/li><li><a href=\"https:\/\/honcobuildings.com\/en\/projects\/paramonovo-bobsleigh-center\/\">Paramonovo Bobsleigh center<\/a> - 14 February 2023<\/li><li><a href=\"https:\/\/honcobuildings.com\/en\/projects\/city-of-orlando\/\">City of Orlando<\/a> - 14 January 2023<\/li><li><a href=\"https:\/\/honcobuildings.com\/en\/projects\/bereza-city-administration\/\">Bereza city administration<\/a> - 14 January 2023<\/li><li><a href=\"https:\/\/honcobuildings.com\/en\/projects\/lakehead-university\/\">Lakehead University<\/a> - 14 January 2023<\/li><li><a href=\"https:\/\/honcobuildings.com\/en\/projects\/transmission-charlesbourg\/\">Transmission Charlesbourg<\/a> - 14 January 2023<\/li><li><a href=\"https:\/\/honcobuildings.com\/en\/projects\/toyota-phases-i-ii-iii-kopavogur\/\">TOYOTA, PHASES I, II, III, K\u00f3pavogur<\/a> - 14 January 2023<\/li><li><a href=\"https:\/\/honcobuildings.com\/en\/projects\/indoor-soccer-stadium-nova-scotia\/\">Indoor Soccer Stadium Nova Scotia<\/a> - 14 January 2023<\/li><li><a href=\"https:\/\/honcobuildings.com\/en\/projects\/societe-dagriculture-de-st-hyacinthe\/\">St-Hyacinthe Agricultural Society<\/a> - 14 January 2023<\/li><li><a href=\"https:\/\/honcobuildings.com\/en\/projects\/snc-el-omrane-wilaya-de-setif\/\">SNC - El Omrane, Wilaya de S\u00e9tif<\/a> - 14 January 2023<\/li><\/ul><\/div><\/div>\n","protected":false},"excerpt":{"rendered":"","protected":false},"author":3,"featured_media":3796,"parent":0,"menu_order":0,"comment_status":"closed","ping_status":"closed","template":"","meta":{"_acf_changed":false,"_seopress_robots_primary_cat":"","_seopress_titles_title":"Honco | HTML Sitemap","_seopress_titles_desc":"","_seopress_robots_index":"yes","footnotes":""},"class_list":["post-4041","page","type-page","status-publish","has-post-thumbnail","hentry"],"acf":[],"_links":{"self":[{"href":"https:\/\/honcobuildings.com\/en\/wp-json\/wp\/v2\/pages\/4041","targetHints":{"allow":["GET"]}}],"collection":[{"href":"https:\/\/honcobuildings.com\/en\/wp-json\/wp\/v2\/pages"}],"about":[{"href":"https:\/\/honcobuildings.com\/en\/wp-json\/wp\/v2\/types\/page"}],"author":[{"embeddable":true,"href":"https:\/\/honcobuildings.com\/en\/wp-json\/wp\/v2\/users\/3"}],"replies":[{"embeddable":true,"href":"https:\/\/honcobuildings.com\/en\/wp-json\/wp\/v2\/comments?post=4041"}],"version-history":[{"count":0,"href":"https:\/\/honcobuildings.com\/en\/wp-json\/wp\/v2\/pages\/4041\/revisions"}],"wp:featuredmedia":[{"embeddable":true,"href":"https:\/\/honcobuildings.com\/en\/wp-json\/wp\/v2\/media\/3796"}],"wp:attachment":[{"href":"https:\/\/honcobuildings.com\/en\/wp-json\/wp\/v2\/media?parent=4041"}],"curies":[{"name":"wp","href":"https:\/\/api.w.org\/{rel}","templated":true}]}}